{"id":437,"date":"2024-12-23T19:31:09","date_gmt":"2024-12-23T18:31:09","guid":{"rendered":"https:\/\/socks.gastout.be\/?page_id=437"},"modified":"2024-12-23T19:31:09","modified_gmt":"2024-12-23T18:31:09","slug":"bail","status":"publish","type":"page","link":"https:\/\/socks.gastout.be\/index.php\/bail\/","title":{"rendered":"Bail"},"content":{"rendered":"<div class=\"frm_forms  with_frm_style frm_style_big-text\" id=\"frm_form_3_container\" data-token=\"7e8b2323d1450922aef178c2dfee55b1\">\n<form enctype=\"multipart\/form-data\" method=\"post\" class=\"frm-show-form  frm_pro_form \" id=\"form_message12\" data-token=\"7e8b2323d1450922aef178c2dfee55b1\">\n<div class=\"frm_form_fields \">\n<fieldset>\n<legend class=\"frm_screen_reader\">Location<\/legend>\r\n\r\n<div class=\"frm_fields_container\">\n<input type=\"hidden\" name=\"frm_action\" value=\"create\" \/>\n<input type=\"hidden\" name=\"form_id\" value=\"3\" \/>\n<input type=\"hidden\" name=\"frm_hide_fields_3\" id=\"frm_hide_fields_3\" value=\"\" \/>\n<input type=\"hidden\" name=\"form_key\" value=\"message12\" \/>\n<input type=\"hidden\" name=\"item_meta[0]\" value=\"\" \/>\n<input type=\"hidden\" id=\"frm_submit_entry_3\" name=\"frm_submit_entry_3\" value=\"7a45d784da\" \/><input type=\"hidden\" name=\"_wp_http_referer\" value=\"\/index.php\/wp-json\/wp\/v2\/pages\/437\" \/><div id=\"frm_field_20_container\" class=\"frm_form_field form-field  frm_required_field frm_inside_container frm12 frm_first frm_other_container\">\r\n\t<div  id=\"field_h8p0z2_label\" class=\"frm_primary_label\">concerne l&rsquo;appartement?\r\n\t\t<span class=\"frm_required\" aria-hidden=\"true\">*<\/span>\r\n\t<\/div>\r\n\t<div class=\"frm_opt_container\" aria-labelledby=\"field_h8p0z2_label\" role=\"group\">\t\t<select name=\"item_meta[20]\" id=\"field_h8p0z2\"  data-reqmsg=\"concerne l&#039;appartement? ne peut pas \u00eatre vide.\" aria-required=\"true\" data-invmsg=\"concerne l&#039;appartement? est non valide\" class=\"auto_width\" aria-invalid=\"false\"  >\n\t\t<option  value=\"parties communes\">parties communes<\/option><option  value=\"appart du rez\">appart du rez<\/option><option  value=\"1er droit\">1er droit<\/option><option  value=\"1er gauche\">1er gauche<\/option><option  value=\"2eme droit\">2eme droit<\/option><option  value=\"2eme gauche\">2eme gauche<\/option><option  value=\"3eme droit\">3eme droit<\/option><option  value=\"3eme gauche\">3eme gauche<\/option><option  value=\"4eme droit\">4eme droit<\/option><option  value=\"4eme gauche\">4eme gauche<\/option><option  value=\"Atelier 1\">Atelier 1<\/option><option  value=\"Atelier 2\">Atelier 2<\/option><option  value=\"Atelier 3\">Atelier 3<\/option><option  value=\"Garage 1\">Garage 1<\/option><option  value=\"Garage 2\">Garage 2<\/option><option  value=\"Garage 3\">Garage 3<\/option><option  value=\"Garage 4\">Garage 4<\/option><option  value=\"Garage 5\">Garage 5<\/option><option  value=\"Garage 6\">Garage 6<\/option>\t<\/select>\n\t<\/div>\r\n\t\r\n\t\r\n<\/div>\n<div id=\"frm_field_453_container\" class=\"frm_form_field form-field  frm_top_container frm_dynamic_select_container\">\n\t<label for=\"field_ycypu\" id=\"field_ycypu_label\" class=\"frm_primary_label\">Appart\n\t\t<span class=\"frm_required\" aria-hidden=\"true\"><\/span>\n\t<\/label>\n\t<div class=\"frm_data_container\" aria-labelledby=\"field_ycypu_label\" role=\"group\"><select name=\"item_meta[453]\" id=\"field_ycypu\"  data-invmsg=\"Appart est non valide\" aria-invalid=\"false\"  >\n<option  value=\"\"> <\/option><option  value=\"1486\">-Communs<\/option><option  value=\"1487\">Appart. Rez de chauss\u00e9e<\/option><option  value=\"1488\">Appart.1er droit<\/option><option  value=\"1489\">Appart.1er gauche<\/option><option  value=\"1490\">Appart.2eme droit<\/option><option  value=\"1491\">Appart.2eme gauche<\/option><option  value=\"1492\">Appart.3eme droit<\/option><option  value=\"1493\">Appart.3eme gauche<\/option><option  value=\"1494\">Appart.4eme droit<\/option><option  value=\"1495\">Appart.4eme gauche<\/option><option  value=\"1506\">atelier 1<\/option><option  value=\"2245\">Atelier 1<\/option><option  value=\"1507\">atelier 2<\/option><option  value=\"2246\">Atelier 2<\/option><option  value=\"1508\">atelier 3<\/option><option  value=\"2247\">Atelier 3<\/option><option  value=\"1496\">garage 1<\/option><option  value=\"1505\">garage 10<\/option><option  value=\"1497\">garage 2<\/option><option  value=\"1498\">Garage 3<\/option><option  value=\"1499\">garage 4<\/option><option  value=\"1500\">garage 5<\/option><option  value=\"1501\">garage 6<\/option><option  value=\"1502\">garage 7<\/option><option  value=\"1503\">garage 8<\/option><option  value=\"1504\">garage 9<\/option><option  value=\"1509\">grenier<\/option><\/select>\n<\/div>\n\t\n\t\n<\/div>\n<div id=\"frm_field_29_container\" class=\"frm_form_field form-field  frm_required_field frm_none_container frm12 frm_first\">\r\n\t<div  id=\"field_dqydy_label\" class=\"frm_primary_label\">Nom locataire 1\r\n\t\t<span class=\"frm_required\" aria-hidden=\"true\">*<\/span>\r\n\t<\/div>\r\n\t<fieldset aria-labelledby=\"field_dqydy_label\">\n\t<legend class=\"frm_screen_reader frm_hidden\">\n\t\tNom locataire 1\t<\/legend>\n\n\t<div  class=\"frm_combo_inputs_container\" id=\"frm_combo_inputs_container_29\" data-name-layout=\"last_first\">\n\t\t\t\t\t<div\n\t\t\t\tid=\"frm_field_29-last_container\"\n\t\t\t\tclass=\"frm_form_field form-field frm_form_subfield-last  frm6\"\n\t\t\t\tdata-sub-field-name=\"last\"\n\t\t\t>\n\t\t\t\t<label for=\"field_dqydy_last\" class=\"frm_screen_reader frm_hidden\">\n\t\t\t\t\tNom locataire 1\t\t\t\t<\/label>\n\n\t\t\t\t\t\t\t\t\t\t<input\n\t\t\t\t\t\t\ttype=\"text\"\n\t\t\t\t\t\t\tid=\"field_dqydy_last\"\n\t\t\t\t\t\t\tvalue=\"\"\n\t\t\t\t\t\t\tname=\"item_meta[29][last]\"  placeholder=\"Nom de famille\" data-reqmsg=\"Nom locataire 1 ne peut pas \u00eatre vide.\" aria-required=\"true\" data-invmsg=\"Nom locataire 1 est non valide\" aria-invalid=\"false\"  \t\t\t\t\t\t\/>\n\t\t\t\t\t\t\t\t\t<\/div>\n\t\t\t\t\t\t<div\n\t\t\t\tid=\"frm_field_29-first_container\"\n\t\t\t\tclass=\"frm_form_field form-field frm_form_subfield-first  frm6\"\n\t\t\t\tdata-sub-field-name=\"first\"\n\t\t\t>\n\t\t\t\t<label for=\"field_dqydy_first\" class=\"frm_screen_reader frm_hidden\">\n\t\t\t\t\tNom locataire 1\t\t\t\t<\/label>\n\n\t\t\t\t\t\t\t\t\t\t<input\n\t\t\t\t\t\t\ttype=\"text\"\n\t\t\t\t\t\t\tid=\"field_dqydy_first\"\n\t\t\t\t\t\t\tvalue=\"\"\n\t\t\t\t\t\t\tname=\"item_meta[29][first]\"  placeholder=\"Pr\u00e9noms\" data-reqmsg=\"Nom locataire 1 ne peut pas \u00eatre vide.\" aria-required=\"true\" data-invmsg=\"Nom locataire 1 est non valide\" aria-invalid=\"false\"  \t\t\t\t\t\t\/>\n\t\t\t\t\t\t\t\t\t<\/div>\n\t\t\t\t<\/div>\n<\/fieldset>\n\r\n\t\r\n\t\r\n<\/div>\n<div id=\"frm_field_28_container\" class=\"frm_form_field form-field  frm_none_container\">\r\n\t<div  id=\"field_6nua1_label\" class=\"frm_primary_label\">Nom locataire 2\r\n\t\t<span class=\"frm_required\" aria-hidden=\"true\"><\/span>\r\n\t<\/div>\r\n\t<fieldset aria-labelledby=\"field_6nua1_label\">\n\t<legend class=\"frm_screen_reader frm_hidden\">\n\t\tNom locataire 2\t<\/legend>\n\n\t<div  class=\"frm_combo_inputs_container\" id=\"frm_combo_inputs_container_28\" data-name-layout=\"last_first\">\n\t\t\t\t\t<div\n\t\t\t\tid=\"frm_field_28-last_container\"\n\t\t\t\tclass=\"frm_form_field form-field frm_form_subfield-last  frm6\"\n\t\t\t\tdata-sub-field-name=\"last\"\n\t\t\t>\n\t\t\t\t<label for=\"field_6nua1_last\" class=\"frm_screen_reader frm_hidden\">\n\t\t\t\t\tNom locataire 2\t\t\t\t<\/label>\n\n\t\t\t\t\t\t\t\t\t\t<input\n\t\t\t\t\t\t\ttype=\"text\"\n\t\t\t\t\t\t\tid=\"field_6nua1_last\"\n\t\t\t\t\t\t\tvalue=\"\"\n\t\t\t\t\t\t\tname=\"item_meta[28][last]\"  placeholder=\"Nom de famille\" data-invmsg=\"Nom locataire 2 est non valide\" aria-invalid=\"false\"  \t\t\t\t\t\t\/>\n\t\t\t\t\t\t\t\t\t<\/div>\n\t\t\t\t\t\t<div\n\t\t\t\tid=\"frm_field_28-first_container\"\n\t\t\t\tclass=\"frm_form_field form-field frm_form_subfield-first  frm6\"\n\t\t\t\tdata-sub-field-name=\"first\"\n\t\t\t>\n\t\t\t\t<label for=\"field_6nua1_first\" class=\"frm_screen_reader frm_hidden\">\n\t\t\t\t\tNom locataire 2\t\t\t\t<\/label>\n\n\t\t\t\t\t\t\t\t\t\t<input\n\t\t\t\t\t\t\ttype=\"text\"\n\t\t\t\t\t\t\tid=\"field_6nua1_first\"\n\t\t\t\t\t\t\tvalue=\"\"\n\t\t\t\t\t\t\tname=\"item_meta[28][first]\"  placeholder=\"Pr\u00e9noms\" data-invmsg=\"Nom locataire 2 est non valide\" aria-invalid=\"false\"  \t\t\t\t\t\t\/>\n\t\t\t\t\t\t\t\t\t<\/div>\n\t\t\t\t<\/div>\n<\/fieldset>\n\r\n\t\r\n\t\r\n<\/div>\n<div id=\"frm_field_30_container\" class=\"frm_form_field form-field  frm_top_container frm_half\">\r\n\t<label for=\"field_la3yv\" id=\"field_la3yv_label\" class=\"frm_primary_label\">Date d&rsquo;entr\u00e9e\r\n\t\t<span class=\"frm_required\" aria-hidden=\"true\"><\/span>\r\n\t<\/label>\r\n\t<input type=\"text\" id=\"field_la3yv\" name=\"item_meta[30]\" value=\"\"  maxlength=\"10\" data-invmsg=\"Date d&#039;entr\u00e9e est non valide\" class=\"frm_date\" aria-invalid=\"false\"  \/>\r\n\t\r\n\t\r\n<\/div>\n<div id=\"frm_field_31_container\" class=\"frm_form_field form-field  frm_top_container frm_half\">\r\n\t<label for=\"field_q92af\" id=\"field_q92af_label\" class=\"frm_primary_label\">Date de sortie\r\n\t\t<span class=\"frm_required\" aria-hidden=\"true\"><\/span>\r\n\t<\/label>\r\n\t<input type=\"text\" id=\"field_q92af\" name=\"item_meta[31]\" value=\"\"  maxlength=\"10\" data-invmsg=\"Date de sortie est non valide\" class=\"frm_date\" aria-invalid=\"false\"  \/>\r\n\t\r\n\t\r\n<\/div>\n<div id=\"frm_field_111_container\" class=\"frm_form_field form-field  frm_top_container frm_fourth\">\r\n\t<label for=\"field_ce2p1\" id=\"field_ce2p1_label\" class=\"frm_primary_label\">Loyer de base\r\n\t\t<span class=\"frm_required\" aria-hidden=\"true\"><\/span>\r\n\t<\/label>\r\n\t<input type=\"number\" id=\"field_ce2p1\" name=\"item_meta[111]\" value=\"\"  data-invmsg=\"Loyer de base est non valide\" aria-invalid=\"false\"   min=\"0\" max=\"9999999\" step=\"any\"\/>\r\n\t\r\n\t\r\n<\/div>\n<div id=\"frm_field_439_container\" class=\"frm_form_field form-field  frm_top_container\">\r\n\t<label for=\"field_l52fs\" id=\"field_l52fs_label\" class=\"frm_primary_label\">garantie montant \/ aupr\u00e8s de\r\n\t\t<span class=\"frm_required\" aria-hidden=\"true\"><\/span>\r\n\t<\/label>\r\n\t<input type=\"text\" id=\"field_l52fs\" name=\"item_meta[439]\" value=\"\"  data-invmsg=\"garantie montant \/ aupr\u00e8s de est non valide\" aria-invalid=\"false\"  \/>\r\n\t\r\n\t\r\n<\/div>\n<div id=\"frm_field_440_container\" class=\"frm_form_field form-field  frm_top_container frm4 frm_first\">\r\n\t<label for=\"field_46hvf\" id=\"field_46hvf_label\" class=\"frm_primary_label\">Bail-pdf\r\n\t\t<span class=\"frm_required\" aria-hidden=\"true\"><\/span>\r\n\t<\/label>\r\n\t<input type=\"hidden\"  data-invmsg=\"Bail-pdf est non valide\" aria-invalid=\"false\"   name=\"item_meta[440]\"  value=\"\" data-frmfile=\"440\" \/>\n\n<div class=\"frm_dropzone frm_single_upload frm_clearfix\" id=\"file440_dropzone\" role=\"group\" >\n\t<div class=\"fallback\">\n\t\t<input type=\"file\" name=\"file440\" id=\"field_46hvf\"\n\t\t\t data-invmsg=\"Bail-pdf est non valide\" aria-invalid=\"false\"  \t\t\t\/>\n\t\t\t\t<div class=\"frm_clearfix \"><\/div>\n\t<\/div>\n\t<div class=\"dz-message needsclick\">\n\t\t\t\t<svg  viewBox=\"0 0 18 18\" class=\"frmsvg frm-svg-icon\">\n\t<path viewBox=\"0 0 18 18\" fill-rule=\"evenodd\" clip-rule=\"evenodd\" d=\"M8.2 4v8a.8.8 0 001.5 0V4l2.1 2.2A.7.7 0 1013 5L9.5 1.7a.7.7 0 00-1.1 0L5.1 5.2a.8.8 0 001 1l2.1-2zm7.6 4.3c.4 0 .7.3.7.7v6.8c0 .4-.3.7-.8.7H2.3a.8.8 0 01-.8-.8V9A.8.8 0 013 9v6h12V9c0-.4.3-.8.8-.8z\"><\/path>\n<\/svg>\t\t<span class=\"frm_upload_text\"><button type=\"button\" aria-label=\"Bail-pdf. D\u00e9poser un fichier ici ou cliquer pour t\u00e9l\u00e9charger. Taille de fichier maximale\u00a0: 134.22MB\">D\u00e9poser un fichier ici ou cliquer pour t\u00e9l\u00e9charger<\/button><\/span>\n\t\t<span class=\"frm_compact_text\"><button type=\"button\" aria-label=\"Bail-pdf. Choisir un fichier. Taille de fichier maximale\u00a0: 134.22MB\">Choisir un fichier<\/button><\/span>\n\t\t<div class=\"frm_small_text\">\n\t\t\t<p>Taille de fichier maximale\u00a0: 134.22MB<\/p>\n\t\t<\/div>\n\t<\/div>\n<\/div>\n\t\r\n\t\r\n\t\r\n<\/div>\n<div id=\"frm_field_441_container\" class=\"frm_form_field form-field  frm_top_container frm4\">\r\n\t<label for=\"field_g7kh4\" id=\"field_g7kh4_label\" class=\"frm_primary_label\">\u00e9tat-In\r\n\t\t<span class=\"frm_required\" aria-hidden=\"true\"><\/span>\r\n\t<\/label>\r\n\t<input type=\"hidden\"  data-invmsg=\"\u00e9tat-In est non valide\" aria-invalid=\"false\"   name=\"item_meta[441]\"  value=\"\" data-frmfile=\"441\" \/>\n\n<div class=\"frm_dropzone frm_single_upload frm_clearfix\" id=\"file441_dropzone\" role=\"group\" >\n\t<div class=\"fallback\">\n\t\t<input type=\"file\" name=\"file441\" id=\"field_g7kh4\"\n\t\t\t data-invmsg=\"\u00e9tat-In est non valide\" aria-invalid=\"false\"  \t\t\t\/>\n\t\t\t\t<div class=\"frm_clearfix \"><\/div>\n\t<\/div>\n\t<div class=\"dz-message needsclick\">\n\t\t\t\t<svg  viewBox=\"0 0 18 18\" class=\"frmsvg frm-svg-icon\">\n\t<path viewBox=\"0 0 18 18\" fill-rule=\"evenodd\" clip-rule=\"evenodd\" d=\"M8.2 4v8a.8.8 0 001.5 0V4l2.1 2.2A.7.7 0 1013 5L9.5 1.7a.7.7 0 00-1.1 0L5.1 5.2a.8.8 0 001 1l2.1-2zm7.6 4.3c.4 0 .7.3.7.7v6.8c0 .4-.3.7-.8.7H2.3a.8.8 0 01-.8-.8V9A.8.8 0 013 9v6h12V9c0-.4.3-.8.8-.8z\"><\/path>\n<\/svg>\t\t<span class=\"frm_upload_text\"><button type=\"button\" aria-label=\"\u00e9tat-In. D\u00e9poser un fichier ici ou cliquer pour t\u00e9l\u00e9charger. Taille de fichier maximale\u00a0: 134.22MB\">D\u00e9poser un fichier ici ou cliquer pour t\u00e9l\u00e9charger<\/button><\/span>\n\t\t<span class=\"frm_compact_text\"><button type=\"button\" aria-label=\"\u00e9tat-In. Choisir un fichier. Taille de fichier maximale\u00a0: 134.22MB\">Choisir un fichier<\/button><\/span>\n\t\t<div class=\"frm_small_text\">\n\t\t\t<p>Taille de fichier maximale\u00a0: 134.22MB<\/p>\n\t\t<\/div>\n\t<\/div>\n<\/div>\n\t\r\n\t\r\n\t\r\n<\/div>\n<div id=\"frm_field_442_container\" class=\"frm_form_field form-field  frm_top_container frm4\">\r\n\t<label for=\"field_94n35\" id=\"field_94n35_label\" class=\"frm_primary_label\">\u00e9tat-out\r\n\t\t<span class=\"frm_required\" aria-hidden=\"true\"><\/span>\r\n\t<\/label>\r\n\t<input type=\"hidden\"  data-invmsg=\"\u00e9tat-out est non valide\" aria-invalid=\"false\"   name=\"item_meta[442]\"  value=\"\" data-frmfile=\"442\" \/>\n\n<div class=\"frm_dropzone frm_single_upload frm_clearfix\" id=\"file442_dropzone\" role=\"group\" >\n\t<div class=\"fallback\">\n\t\t<input type=\"file\" name=\"file442\" id=\"field_94n35\"\n\t\t\t data-invmsg=\"\u00e9tat-out est non valide\" aria-invalid=\"false\"  \t\t\t\/>\n\t\t\t\t<div class=\"frm_clearfix \"><\/div>\n\t<\/div>\n\t<div class=\"dz-message needsclick\">\n\t\t\t\t<svg  viewBox=\"0 0 18 18\" class=\"frmsvg frm-svg-icon\">\n\t<path viewBox=\"0 0 18 18\" fill-rule=\"evenodd\" clip-rule=\"evenodd\" d=\"M8.2 4v8a.8.8 0 001.5 0V4l2.1 2.2A.7.7 0 1013 5L9.5 1.7a.7.7 0 00-1.1 0L5.1 5.2a.8.8 0 001 1l2.1-2zm7.6 4.3c.4 0 .7.3.7.7v6.8c0 .4-.3.7-.8.7H2.3a.8.8 0 01-.8-.8V9A.8.8 0 013 9v6h12V9c0-.4.3-.8.8-.8z\"><\/path>\n<\/svg>\t\t<span class=\"frm_upload_text\"><button type=\"button\" aria-label=\"\u00e9tat-out. D\u00e9poser un fichier ici ou cliquer pour t\u00e9l\u00e9charger. Taille de fichier maximale\u00a0: 134.22MB\">D\u00e9poser un fichier ici ou cliquer pour t\u00e9l\u00e9charger<\/button><\/span>\n\t\t<span class=\"frm_compact_text\"><button type=\"button\" aria-label=\"\u00e9tat-out. Choisir un fichier. Taille de fichier maximale\u00a0: 134.22MB\">Choisir un fichier<\/button><\/span>\n\t\t<div class=\"frm_small_text\">\n\t\t\t<p>Taille de fichier maximale\u00a0: 134.22MB<\/p>\n\t\t<\/div>\n\t<\/div>\n<\/div>\n\t\r\n\t\r\n\t\r\n<\/div>\n<input type=\"hidden\" name=\"item_meta[164]\" id=\"field_n32ir\" value=\"\" data-frmval=\"\"\/>\n<div id=\"frm_field_25_container\" class=\"frm_form_field form-field \">\r\n\t<div class=\"frm_submit\">\r\n\r\n<button class=\"frm_button_submit frm_final_submit\" type=\"submit\"  >Envoyer<\/button>\r\n\r\n<\/div>\r\n<\/div>\n\t<input type=\"hidden\" name=\"item_key\" value=\"\" \/>\n\t\t\t\t<div class=\"frm__66dddce0ef5be\">\n\t\t\t\t<label for=\"frm_email_3\" >\n\t\t\t\t\tSi vous \u00eates un humain, ne remplissez pas ce champ.\t\t\t\t<\/label>\n\t\t\t\t<input  id=\"frm_email_3\" type=\"text\" class=\"frm_verify\" name=\"frm__66dddce0ef5be\" value=\"\" autocomplete=\"off\"  \/>\n\t\t\t<\/div>\n\t\t<input name=\"frm_state\" type=\"hidden\" value=\"4ktbWYQMzHWQI0Y6NAtj7mRW9aUgdosEw1s5wzBaBik=\" \/><\/div>\n<\/fieldset>\n<\/div>\n\n<\/form>\n<\/div>\n","protected":false},"excerpt":{"rendered":"","protected":false},"author":1,"featured_media":0,"parent":0,"menu_order":0,"comment_status":"closed","ping_status":"closed","template":"","meta":{"footnotes":""},"class_list":["post-437","page","type-page","status-publish","hentry"],"_links":{"self":[{"href":"https:\/\/socks.gastout.be\/index.php\/wp-json\/wp\/v2\/pages\/437","targetHints":{"allow":["GET"]}}],"collection":[{"href":"https:\/\/socks.gastout.be\/index.php\/wp-json\/wp\/v2\/pages"}],"about":[{"href":"https:\/\/socks.gastout.be\/index.php\/wp-json\/wp\/v2\/types\/page"}],"author":[{"embeddable":true,"href":"https:\/\/socks.gastout.be\/index.php\/wp-json\/wp\/v2\/users\/1"}],"replies":[{"embeddable":true,"href":"https:\/\/socks.gastout.be\/index.php\/wp-json\/wp\/v2\/comments?post=437"}],"version-history":[{"count":1,"href":"https:\/\/socks.gastout.be\/index.php\/wp-json\/wp\/v2\/pages\/437\/revisions"}],"predecessor-version":[{"id":438,"href":"https:\/\/socks.gastout.be\/index.php\/wp-json\/wp\/v2\/pages\/437\/revisions\/438"}],"wp:attachment":[{"href":"https:\/\/socks.gastout.be\/index.php\/wp-json\/wp\/v2\/media?parent=437"}],"curies":[{"name":"wp","href":"https:\/\/api.w.org\/{rel}","templated":true}]}}