{"id":65,"date":"2024-09-18T11:21:10","date_gmt":"2024-09-18T09:21:10","guid":{"rendered":"http:\/\/socks.gastout.be\/?page_id=65"},"modified":"2024-09-21T12:27:25","modified_gmt":"2024-09-21T10:27:25","slug":"65-2","status":"publish","type":"page","link":"https:\/\/socks.gastout.be\/index.php\/65-2\/","title":{"rendered":"Chardon"},"content":{"rendered":"\n<p>Gestion d&rsquo;immeuble<\/p>\n\n\n\n<p><\/p>\n\n\n\n<figure class=\"wp-block-image size-full\"><img decoding=\"async\" width=\"284\" height=\"177\" src=\"https:\/\/socks.gastout.be\/wp-content\/uploads\/2024\/09\/images.jpeg\" alt=\"\" class=\"wp-image-187\"\/><\/figure>\n\n\n\n<p>La rue des Chardons relie les avenues Rogier et Ernest Cambier. La rue Paul Devigne aboutit en son milieu.<\/p>\n\n\n\n<p>L&rsquo;art\u00e8re se situe dans le quartier dit de la Vall\u00e9e Josaphat, dont le plan de voiries dress\u00e9 par l&rsquo;ing\u00e9nieur communal des Travaux Octave Houssa est approuv\u00e9 par l&rsquo;arr\u00eat\u00e9 royal du 10.02.1902 puis d\u00e9finitivement par celui du 21.04.1906, en m\u00eame temps que ceux des trois autres nouveaux quartiers de Schaerbeek \u2013 Monrose, de Linthout et Monplaisir-Helmet.<\/p>\n\n\n\n<p>Approuv\u00e9e en s\u00e9ance du Coll\u00e8ge communal du 19.06.1908, sa d\u00e9nomination rappelle, comme d&rsquo;autres art\u00e8res proches du parc Josaphat, le pass\u00e9 campagnard du quartier.<\/p>\n\n\n\n<p>La premi\u00e8re moiti\u00e9 de cette art\u00e8re r\u00e9sidentielle, ouverte en 1912, se b\u00e2tit entre 1913 et 1937. La seconde n&rsquo;est ouverte qu&rsquo;en 1932. Quelques maisons y sont \u00e9difi\u00e9es c\u00f4t\u00e9 pair en 1933 et 1934, mais la construction ne reprend ensuite qu&rsquo;en 1950, essentiellement caract\u00e9ris\u00e9e par de petits immeubles de rapport.<\/p>\n\n\n\n<p>Un ensemble marque le d\u00e9but de la rue, compos\u00e9 de six maisons con\u00e7ues en 1913-1914 par l&rsquo;architecte Nestor Van De Velde (voir n<sup>os<\/sup>7 \u00e0 17).<\/p>\n\n\n\n<p><a href=\"https:\/\/monument.heritage.brussels\/medias\/streets\/10307039_P02.jpg\" target=\"_blank\" rel=\"noreferrer noopener\">Zoom<br>Rue des Chardons 19 (photo 2011).<br><\/a><br>Le b\u00e2ti d&rsquo;avant la Seconde Guerre mondiale est principalement de style \u00e9clectique, celui des ann\u00e9es 1920 et 1930 parfois teint\u00e9 d&rsquo;Art D\u00e9co. On note deux r\u00e9alisations de style Paquebot aux n<sup>os<\/sup><strong>19&nbsp;<\/strong>(architecte A.Van Doven, 1935) et&nbsp;<strong>39<\/strong>&nbsp;(architecte Jos Kool, 1937).<\/p>\n\n\n\n<p>Au milieu de la rue, \u00e0 gauche du n<sup>o<\/sup><strong>31-33<\/strong>, une ancienne fabrique de confiseries (architecte Ph. Debontridder, 1929), une parcelle rest\u00e9e vierge m\u00e8ne \u00e0 un int\u00e9rieur d&rsquo;\u00eelot long\u00e9 par la ligne de chemin de fer Schaerbeek-Hal, partiellement am\u00e9nag\u00e9 en potagers. Menac\u00e9 \u00e0 plusieurs reprises par des projets de lotissement, ce site baptis\u00e9 Carr\u00e9 des Chardons est aujourd&rsquo;hui class\u00e9 zone verte suivant le PRAS.<\/p>\n\n\n\n<p>La fin de la rue c\u00f4t\u00e9 pair est occup\u00e9e par un vaste immeuble \u00e0 appartements (architectes R. Tielemans et P. Winand, 1966).<\/p>\n\n\n\n<figure class=\"wp-block-image size-large\"><img decoding=\"async\" width=\"1024\" height=\"419\" src=\"https:\/\/socks.gastout.be\/wp-content\/uploads\/2024\/09\/Capture-decran-2024-09-21-113851-1024x419.jpg\" alt=\"\" class=\"wp-image-190\" srcset=\"https:\/\/socks.gastout.be\/wp-content\/uploads\/2024\/09\/Capture-decran-2024-09-21-113851-1024x419.jpg 1024w, https:\/\/socks.gastout.be\/wp-content\/uploads\/2024\/09\/Capture-decran-2024-09-21-113851-300x123.jpg 300w, https:\/\/socks.gastout.be\/wp-content\/uploads\/2024\/09\/Capture-decran-2024-09-21-113851-768x314.jpg 768w, https:\/\/socks.gastout.be\/wp-content\/uploads\/2024\/09\/Capture-decran-2024-09-21-113851.jpg 1410w\" sizes=\"(max-width: 1024px) 100vw, 1024px\" \/><\/figure>\n\n\n\n<figure class=\"wp-block-image size-large\"><img decoding=\"async\" width=\"1024\" height=\"383\" src=\"https:\/\/socks.gastout.be\/wp-content\/uploads\/2024\/09\/Capture-decran-2024-09-21-114106-1024x383.jpg\" alt=\"\" class=\"wp-image-191\" srcset=\"https:\/\/socks.gastout.be\/wp-content\/uploads\/2024\/09\/Capture-decran-2024-09-21-114106-1024x383.jpg 1024w, https:\/\/socks.gastout.be\/wp-content\/uploads\/2024\/09\/Capture-decran-2024-09-21-114106-300x112.jpg 300w, https:\/\/socks.gastout.be\/wp-content\/uploads\/2024\/09\/Capture-decran-2024-09-21-114106-768x287.jpg 768w, https:\/\/socks.gastout.be\/wp-content\/uploads\/2024\/09\/Capture-decran-2024-09-21-114106-1536x575.jpg 1536w, https:\/\/socks.gastout.be\/wp-content\/uploads\/2024\/09\/Capture-decran-2024-09-21-114106.jpg 1556w\" sizes=\"(max-width: 1024px) 100vw, 1024px\" \/><\/figure>\n\n\n\n<figure class=\"wp-block-image size-large\"><img decoding=\"async\" width=\"1024\" height=\"360\" src=\"https:\/\/socks.gastout.be\/wp-content\/uploads\/2024\/09\/Capture-decran-2024-09-21-114212-1024x360.jpg\" alt=\"\" class=\"wp-image-192\" srcset=\"https:\/\/socks.gastout.be\/wp-content\/uploads\/2024\/09\/Capture-decran-2024-09-21-114212-1024x360.jpg 1024w, https:\/\/socks.gastout.be\/wp-content\/uploads\/2024\/09\/Capture-decran-2024-09-21-114212-300x106.jpg 300w, https:\/\/socks.gastout.be\/wp-content\/uploads\/2024\/09\/Capture-decran-2024-09-21-114212-768x270.jpg 768w, https:\/\/socks.gastout.be\/wp-content\/uploads\/2024\/09\/Capture-decran-2024-09-21-114212-1536x540.jpg 1536w, https:\/\/socks.gastout.be\/wp-content\/uploads\/2024\/09\/Capture-decran-2024-09-21-114212-1568x551.jpg 1568w, https:\/\/socks.gastout.be\/wp-content\/uploads\/2024\/09\/Capture-decran-2024-09-21-114212.jpg 1652w\" sizes=\"(max-width: 1024px) 100vw, 1024px\" \/><\/figure>\n\n\n\n<figure class=\"wp-block-image size-large\"><img decoding=\"async\" width=\"1024\" height=\"495\" src=\"https:\/\/socks.gastout.be\/wp-content\/uploads\/2024\/09\/Capture-decran-2024-09-21-114553-1024x495.jpg\" alt=\"\" class=\"wp-image-193\" srcset=\"https:\/\/socks.gastout.be\/wp-content\/uploads\/2024\/09\/Capture-decran-2024-09-21-114553-1024x495.jpg 1024w, https:\/\/socks.gastout.be\/wp-content\/uploads\/2024\/09\/Capture-decran-2024-09-21-114553-300x145.jpg 300w, https:\/\/socks.gastout.be\/wp-content\/uploads\/2024\/09\/Capture-decran-2024-09-21-114553-768x371.jpg 768w, https:\/\/socks.gastout.be\/wp-content\/uploads\/2024\/09\/Capture-decran-2024-09-21-114553.jpg 1276w\" sizes=\"(max-width: 1024px) 100vw, 1024px\" \/><\/figure>\n\n\n\n<figure class=\"wp-block-image size-large\"><img decoding=\"async\" width=\"1024\" height=\"517\" src=\"https:\/\/socks.gastout.be\/wp-content\/uploads\/2024\/09\/Capture-decran-2024-09-21-114800-1024x517.jpg\" alt=\"\" class=\"wp-image-194\" srcset=\"https:\/\/socks.gastout.be\/wp-content\/uploads\/2024\/09\/Capture-decran-2024-09-21-114800-1024x517.jpg 1024w, https:\/\/socks.gastout.be\/wp-content\/uploads\/2024\/09\/Capture-decran-2024-09-21-114800-300x152.jpg 300w, https:\/\/socks.gastout.be\/wp-content\/uploads\/2024\/09\/Capture-decran-2024-09-21-114800-768x388.jpg 768w, https:\/\/socks.gastout.be\/wp-content\/uploads\/2024\/09\/Capture-decran-2024-09-21-114800.jpg 1227w\" sizes=\"(max-width: 1024px) 100vw, 1024px\" \/><\/figure>\n","protected":false},"excerpt":{"rendered":"<p>Gestion d&rsquo;immeuble La rue des Chardons relie les avenues Rogier et Ernest Cambier. La rue Paul Devigne aboutit en son milieu. L&rsquo;art\u00e8re se situe dans le quartier dit de la Vall\u00e9e Josaphat, dont le plan de voiries dress\u00e9 par l&rsquo;ing\u00e9nieur communal des Travaux Octave Houssa est approuv\u00e9 par l&rsquo;arr\u00eat\u00e9 royal du 10.02.1902 puis d\u00e9finitivement par [&hellip;]<\/p>\n","protected":false},"author":1,"featured_media":0,"parent":0,"menu_order":0,"comment_status":"closed","ping_status":"closed","template":"","meta":{"footnotes":""},"class_list":["post-65","page","type-page","status-publish","hentry"],"_links":{"self":[{"href":"https:\/\/socks.gastout.be\/index.php\/wp-json\/wp\/v2\/pages\/65","targetHints":{"allow":["GET"]}}],"collection":[{"href":"https:\/\/socks.gastout.be\/index.php\/wp-json\/wp\/v2\/pages"}],"about":[{"href":"https:\/\/socks.gastout.be\/index.php\/wp-json\/wp\/v2\/types\/page"}],"author":[{"embeddable":true,"href":"https:\/\/socks.gastout.be\/index.php\/wp-json\/wp\/v2\/users\/1"}],"replies":[{"embeddable":true,"href":"https:\/\/socks.gastout.be\/index.php\/wp-json\/wp\/v2\/comments?post=65"}],"version-history":[{"count":7,"href":"https:\/\/socks.gastout.be\/index.php\/wp-json\/wp\/v2\/pages\/65\/revisions"}],"predecessor-version":[{"id":271,"href":"https:\/\/socks.gastout.be\/index.php\/wp-json\/wp\/v2\/pages\/65\/revisions\/271"}],"wp:attachment":[{"href":"https:\/\/socks.gastout.be\/index.php\/wp-json\/wp\/v2\/media?parent=65"}],"curies":[{"name":"wp","href":"https:\/\/api.w.org\/{rel}","templated":true}]}}